{"id":76,"date":"2025-06-19T20:26:44","date_gmt":"2025-06-19T18:26:44","guid":{"rendered":"http:\/\/trends.luna-shop.pl\/?post_type=product&#038;p=76"},"modified":"2025-06-19T20:26:44","modified_gmt":"2025-06-19T18:26:44","slug":"bezprzewodowa-kosiarka-akumulatorowa-do-ogrodu","status":"publish","type":"product","link":"https:\/\/trends.luna-shop.pl\/index.php\/produkt\/bezprzewodowa-kosiarka-akumulatorowa-do-ogrodu\/","title":{"rendered":"Bezprzewodowa kosiarka akumulatorowa do ogrodu"},"content":{"rendered":"<h3 data-start=\"238\" data-end=\"323\"><strong data-start=\"242\" data-end=\"323\">Bezprzewodowa kosiarka z chwastownic\u0105 3w1 \u2013 lekka, wydajna i \u0142atwa w obs\u0142udze<\/strong><\/h3>\n<p data-start=\"325\" data-end=\"665\">Poznaj nowoczesn\u0105 <strong data-start=\"343\" data-end=\"404\">bezprzewodow\u0105 kosiark\u0119 elektryczn\u0105 z funkcj\u0105 chwastownika<\/strong>, idealn\u0105 do pracy w ogrodzie, na dzia\u0142ce czy wok\u00f3\u0142 domu. Zosta\u0142a zaprojektowana z my\u015bl\u0105 o <strong data-start=\"495\" data-end=\"552\">komforcie, funkcjonalno\u015bci i maksymalnej efektywno\u015bci<\/strong>. Dzi\u0119ki 3 wymiennym narz\u0119dziom tn\u0105cym, poradzisz sobie zar\u00f3wno z delikatn\u0105 traw\u0105, jak i trudniejszymi zaro\u015blami.<\/p>\n<hr data-start=\"667\" data-end=\"670\" \/>\n<h3 data-start=\"672\" data-end=\"705\">\u2705 <strong data-start=\"678\" data-end=\"705\">G\u0142\u00f3wne zalety produktu:<\/strong><\/h3>\n<h4 data-start=\"707\" data-end=\"773\"><strong data-start=\"715\" data-end=\"773\">3 wymienne ostrza \u2013 jedno urz\u0105dzenie, wiele mo\u017cliwo\u015bci<\/strong><\/h4>\n<ul data-start=\"774\" data-end=\"956\">\n<li data-start=\"774\" data-end=\"856\">\n<p data-start=\"776\" data-end=\"856\">W zestawie 3 r\u00f3\u017cne narz\u0119dzia do ci\u0119cia: do trawy, krzew\u00f3w oraz g\u0119stych chwast\u00f3w.<\/p>\n<\/li>\n<li data-start=\"857\" data-end=\"909\">\n<p data-start=\"859\" data-end=\"909\">Szybka i \u0142atwa wymiana ostrzy bez u\u017cycia narz\u0119dzi.<\/p>\n<\/li>\n<li data-start=\"910\" data-end=\"956\">\n<p data-start=\"912\" data-end=\"956\">Idealna do przycinania, koszenia i pielenia.<\/p>\n<\/li>\n<\/ul>\n<h4 data-start=\"958\" data-end=\"1023\"><strong data-start=\"966\" data-end=\"1023\">Nowoczesna bateria 21V \u2013 wydajno\u015b\u0107 i d\u0142ugi czas pracy<\/strong><\/h4>\n<ul data-start=\"1024\" data-end=\"1253\">\n<li data-start=\"1024\" data-end=\"1066\">\n<p data-start=\"1026\" data-end=\"1066\">Dost\u0119pne wersje z 1 lub 2 akumulatorami.<\/p>\n<\/li>\n<li data-start=\"1067\" data-end=\"1127\">\n<p data-start=\"1069\" data-end=\"1127\">Czas pracy do 60 minut (zale\u017cy od rodzaju pracy i terenu).<\/p>\n<\/li>\n<li data-start=\"1128\" data-end=\"1202\">\n<p data-start=\"1130\" data-end=\"1202\">Wysokowydajny silnik 20 000 obr.\/min zapewnia szybkie i dok\u0142adne ci\u0119cie.<\/p>\n<\/li>\n<li data-start=\"1203\" data-end=\"1253\">\n<p data-start=\"1205\" data-end=\"1253\"><strong data-start=\"1205\" data-end=\"1253\">Zasi\u0119g ci\u0119cia chwast\u00f3w: a\u017c 15 cm (5,9 cala).<\/strong><\/p>\n<\/li>\n<\/ul>\n<h4 data-start=\"1255\" data-end=\"1299\">\ufe0f \ufe0f<strong data-start=\"1264\" data-end=\"1299\">Zintegrowany system ochrony UCP<\/strong><\/h4>\n<ul data-start=\"1300\" data-end=\"1514\">\n<li data-start=\"1300\" data-end=\"1371\">\n<p data-start=\"1302\" data-end=\"1371\"><strong data-start=\"1302\" data-end=\"1339\">Ultimate Circuit Protection (UCP)<\/strong> \u2013 inteligentna ochrona silnika.<\/p>\n<\/li>\n<li data-start=\"1372\" data-end=\"1514\">\n<p data-start=\"1374\" data-end=\"1514\">Automatyczne zatrzymanie pracy w przypadku zetkni\u0119cia z twardym przedmiotem (np. kamieniem) \u2013 wi\u0119ksze bezpiecze\u0144stwo i \u017cywotno\u015b\u0107 urz\u0105dzenia.<\/p>\n<\/li>\n<\/ul>\n<h4 data-start=\"1516\" data-end=\"1583\">\u00a0<strong data-start=\"1527\" data-end=\"1583\">Ergonomiczna konstrukcja \u2013 komfort pracy dla ka\u017cdego<\/strong><\/h4>\n<ul data-start=\"1584\" data-end=\"1881\">\n<li data-start=\"1584\" data-end=\"1655\">\n<p data-start=\"1586\" data-end=\"1655\"><strong data-start=\"1586\" data-end=\"1619\">Regulowany uchwyt teleskopowy<\/strong> (d\u0142ugo\u015b\u0107 86\u2013133 cm \/ 34\u201352,3 cala).<\/p>\n<\/li>\n<li data-start=\"1656\" data-end=\"1757\">\n<p data-start=\"1658\" data-end=\"1757\"><strong data-start=\"1658\" data-end=\"1684\">Obrotowa g\u0142owica tn\u0105ca<\/strong> (zakres regulacji k\u0105ta 0\u201390\u00b0) \u2013 dociera nawet w trudno dost\u0119pne miejsca.<\/p>\n<\/li>\n<li data-start=\"1758\" data-end=\"1815\">\n<p data-start=\"1760\" data-end=\"1815\">Mo\u017cliwo\u015b\u0107 pracy w pozycji stoj\u0105cej \u2013 bez schylania si\u0119.<\/p>\n<\/li>\n<li data-start=\"1816\" data-end=\"1881\">\n<p data-start=\"1818\" data-end=\"1881\"><strong data-start=\"1818\" data-end=\"1851\">Idealna dla kobiet i senior\u00f3w<\/strong> \u2013 lekka konstrukcja (1,5 kg).<\/p>\n<\/li>\n<\/ul>\n<h4 data-start=\"1883\" data-end=\"1913\"><strong data-start=\"1891\" data-end=\"1913\"> Sk\u0142adana i mobilna<\/strong><\/h4>\n<ul data-start=\"1914\" data-end=\"2077\">\n<li data-start=\"1914\" data-end=\"1993\">\n<p data-start=\"1916\" data-end=\"1993\">Kompaktowa i <strong data-start=\"1929\" data-end=\"1956\">\u0142atwa do przechowywania<\/strong> \u2013 mie\u015bci si\u0119 w szafie lub baga\u017cniku.<\/p>\n<\/li>\n<li data-start=\"1994\" data-end=\"2077\">\n<p data-start=\"1996\" data-end=\"2077\">Dodatkowe <strong data-start=\"2006\" data-end=\"2027\">ko\u0142o wspomagaj\u0105ce<\/strong> u\u0142atwia prowadzenie urz\u0105dzenia i zwi\u0119ksza wygod\u0119.<\/p>\n<\/li>\n<\/ul>\n","protected":false},"excerpt":{"rendered":"<h3 data-start=\"238\" data-end=\"323\"><strong data-start=\"242\" data-end=\"323\">Bezprzewodowa kosiarka z chwastownic\u0105 3w1<\/strong><\/h3>\n<p>\u2713 Wysy\u0142ka w 24h<br \/>\n<em>\u2713 <\/em>Bezpieczne p\u0142atno\u015bci z\u00a0 <img decoding=\"async\" class=\"sFlh5c FyHeAf\" src=\"https:\/\/encrypted-tbn0.gstatic.com\/images?q=tbn:ANd9GcR32DIkyGIZ2R6oyGki1DWkYe_2oW6-pWkRYA&amp;s\" alt=\"PayU: Do\u0142adowanie telefonu na kart\u0119. Do\u0142aduj Orange, T-mobile, Plus, Play. | Do\u0142adowania PayU\" width=\"42\" height=\"21\" data-ilt=\"1750340428005\" \/><br \/>\n<em>\u2713 <\/em>Visa\/Mastercard <img decoding=\"async\" class=\"sFlh5c FyHeAf iPVvYb\" src=\"https:\/\/konkurent.ua\/media\/cache\/4c\/4c\/4c4c8d65aa81de6bc1641c9eaa150c8c.webp\" alt=\"Visa \u0442\u0430 Mastercard \u043f\u0440\u0438\u043f\u0438\u043d\u044f\u044e\u0442\u044c \u0442\u0440\u0430\u043d\u0437\u0430\u043a\u0446\u0456\u0457 \u0432 \u0420\u043e\u0441\u0456\u0457 - \u041d\u043e\u0432\u0438\u043d\u0438\" width=\"59\" height=\"33\" \/><\/p>\n","protected":false},"featured_media":77,"comment_status":"open","ping_status":"closed","template":"","meta":{"ocean_post_layout":"","ocean_both_sidebars_style":"","ocean_both_sidebars_content_width":0,"ocean_both_sidebars_sidebars_width":0,"ocean_sidebar":"","ocean_second_sidebar":"","ocean_disable_margins":"enable","ocean_add_body_class":"","ocean_shortcode_before_top_bar":"","ocean_shortcode_after_top_bar":"","ocean_shortcode_before_header":"","ocean_shortcode_after_header":"","ocean_has_shortcode":"","ocean_shortcode_after_title":"","ocean_shortcode_before_footer_widgets":"","ocean_shortcode_after_footer_widgets":"","ocean_shortcode_before_footer_bottom":"","ocean_shortcode_after_footer_bottom":"","ocean_display_top_bar":"default","ocean_display_header":"default","ocean_header_style":"","ocean_center_header_left_menu":"","ocean_custom_header_template":"","ocean_custom_logo":0,"ocean_custom_retina_logo":0,"ocean_custom_logo_max_width":0,"ocean_custom_logo_tablet_max_width":0,"ocean_custom_logo_mobile_max_width":0,"ocean_custom_logo_max_height":0,"ocean_custom_logo_tablet_max_height":0,"ocean_custom_logo_mobile_max_height":0,"ocean_header_custom_menu":"","ocean_menu_typo_font_family":"","ocean_menu_typo_font_subset":"","ocean_menu_typo_font_size":0,"ocean_menu_typo_font_size_tablet":0,"ocean_menu_typo_font_size_mobile":0,"ocean_menu_typo_font_size_unit":"px","ocean_menu_typo_font_weight":"","ocean_menu_typo_font_weight_tablet":"","ocean_menu_typo_font_weight_mobile":"","ocean_menu_typo_transform":"","ocean_menu_typo_transform_tablet":"","ocean_menu_typo_transform_mobile":"","ocean_menu_typo_line_height":0,"ocean_menu_typo_line_height_tablet":0,"ocean_menu_typo_line_height_mobile":0,"ocean_menu_typo_line_height_unit":"","ocean_menu_typo_spacing":0,"ocean_menu_typo_spacing_tablet":0,"ocean_menu_typo_spacing_mobile":0,"ocean_menu_typo_spacing_unit":"","ocean_menu_link_color":"","ocean_menu_link_color_hover":"","ocean_menu_link_color_active":"","ocean_menu_link_background":"","ocean_menu_link_hover_background":"","ocean_menu_link_active_background":"","ocean_menu_social_links_bg":"","ocean_menu_social_hover_links_bg":"","ocean_menu_social_links_color":"","ocean_menu_social_hover_links_color":"","ocean_disable_title":"default","ocean_disable_heading":"default","ocean_post_title":"","ocean_post_subheading":"","ocean_post_title_style":"","ocean_post_title_background_color":"","ocean_post_title_background":0,"ocean_post_title_bg_image_position":"","ocean_post_title_bg_image_attachment":"","ocean_post_title_bg_image_repeat":"","ocean_post_title_bg_image_size":"","ocean_post_title_height":0,"ocean_post_title_bg_overlay":0.5,"ocean_post_title_bg_overlay_color":"","ocean_disable_breadcrumbs":"default","ocean_breadcrumbs_color":"","ocean_breadcrumbs_separator_color":"","ocean_breadcrumbs_links_color":"","ocean_breadcrumbs_links_hover_color":"","ocean_display_footer_widgets":"default","ocean_display_footer_bottom":"default","ocean_custom_footer_template":""},"product_brand":[],"product_cat":[15],"product_tag":[],"class_list":{"0":"post-76","1":"product","2":"type-product","3":"status-publish","4":"has-post-thumbnail","6":"product_cat-wszystkie-produkty","8":"entry","9":"has-media","11":"first","12":"instock","13":"sale","14":"shipping-taxable","15":"purchasable","16":"product-type-simple","17":"has-product-nav","18":"col","19":"span_1_of_4","20":"owp-content-center","21":"owp-thumbs-layout-horizontal","22":"owp-btn-normal","23":"owp-tabs-layout-horizontal","24":"has-no-thumbnails"},"_links":{"self":[{"href":"https:\/\/trends.luna-shop.pl\/index.php\/wp-json\/wp\/v2\/product\/76","targetHints":{"allow":["GET"]}}],"collection":[{"href":"https:\/\/trends.luna-shop.pl\/index.php\/wp-json\/wp\/v2\/product"}],"about":[{"href":"https:\/\/trends.luna-shop.pl\/index.php\/wp-json\/wp\/v2\/types\/product"}],"replies":[{"embeddable":true,"href":"https:\/\/trends.luna-shop.pl\/index.php\/wp-json\/wp\/v2\/comments?post=76"}],"wp:featuredmedia":[{"embeddable":true,"href":"https:\/\/trends.luna-shop.pl\/index.php\/wp-json\/wp\/v2\/media\/77"}],"wp:attachment":[{"href":"https:\/\/trends.luna-shop.pl\/index.php\/wp-json\/wp\/v2\/media?parent=76"}],"wp:term":[{"taxonomy":"product_brand","embeddable":true,"href":"https:\/\/trends.luna-shop.pl\/index.php\/wp-json\/wp\/v2\/product_brand?post=76"},{"taxonomy":"product_cat","embeddable":true,"href":"https:\/\/trends.luna-shop.pl\/index.php\/wp-json\/wp\/v2\/product_cat?post=76"},{"taxonomy":"product_tag","embeddable":true,"href":"https:\/\/trends.luna-shop.pl\/index.php\/wp-json\/wp\/v2\/product_tag?post=76"}],"curies":[{"name":"wp","href":"https:\/\/api.w.org\/{rel}","templated":true}]}}